{"id":60,"date":"2021-09-05T10:34:48","date_gmt":"2021-09-05T10:34:48","guid":{"rendered":"https:\/\/www.hetmanwarsztat.pl\/?page_id=60"},"modified":"2021-09-08T14:56:42","modified_gmt":"2021-09-08T14:56:42","slug":"o-firmie","status":"publish","type":"page","link":"https:\/\/hetmanwarsztat.pl\/","title":{"rendered":"O Firmie"},"content":{"rendered":"\t\t<div data-elementor-type=\"wp-page\" data-elementor-id=\"60\" class=\"elementor elementor-60\" data-elementor-settings=\"[]\">\n\t\t\t\t\t\t\t<div class=\"elementor-section-wrap\">\n\t\t\t\t\t\t\t<section class=\"elementor-section elementor-top-section elementor-element elementor-element-2e1a9fe elementor-section-boxed elementor-section-height-default elementor-section-height-default\" data-id=\"2e1a9fe\" data-element_type=\"section\">\n\t\t\t\t\t\t<div class=\"elementor-container elementor-column-gap-default\">\n\t\t\t\t\t<div class=\"elementor-column elementor-col-100 elementor-top-column elementor-element elementor-element-05a72ff\" data-id=\"05a72ff\" data-element_type=\"column\">\n\t\t\t<div class=\"elementor-widget-wrap elementor-element-populated\">\n\t\t\t\t\t\t\t\t<div class=\"elementor-element elementor-element-d418374 elementor-invisible elementor-widget elementor-widget-heading\" data-id=\"d418374\" data-element_type=\"widget\" data-settings=\"{&quot;_animation&quot;:&quot;fadeInLeft&quot;}\" data-widget_type=\"heading.default\">\n\t\t\t\t<div class=\"elementor-widget-container\">\n\t\t\t<h3 class=\"elementor-heading-title elementor-size-default\">\"...\u015awiat ust\u0119puje z drogi temu, kto wie dok\u0105d zmierza...\"<\/h3>\t\t<\/div>\n\t\t\t\t<\/div>\n\t\t\t\t\t<\/div>\n\t\t<\/div>\n\t\t\t\t\t\t\t<\/div>\n\t\t<\/section>\n\t\t\t\t<section class=\"elementor-section elementor-top-section elementor-element elementor-element-10b7fbf elementor-section-boxed elementor-section-height-default elementor-section-height-default\" data-id=\"10b7fbf\" data-element_type=\"section\">\n\t\t\t\t\t\t<div class=\"elementor-container elementor-column-gap-default\">\n\t\t\t\t\t<div class=\"elementor-column elementor-col-100 elementor-top-column elementor-element elementor-element-8b4eb8f\" data-id=\"8b4eb8f\" data-element_type=\"column\">\n\t\t\t<div class=\"elementor-widget-wrap elementor-element-populated\">\n\t\t\t\t\t\t\t\t<div class=\"elementor-element elementor-element-70a7798 elementor-widget-divider--view-line elementor-widget elementor-widget-divider\" data-id=\"70a7798\" data-element_type=\"widget\" data-widget_type=\"divider.default\">\n\t\t\t\t<div class=\"elementor-widget-container\">\n\t\t\t\t\t<div class=\"elementor-divider\">\n\t\t\t<span class=\"elementor-divider-separator\">\n\t\t\t\t\t\t<\/span>\n\t\t<\/div>\n\t\t\t\t<\/div>\n\t\t\t\t<\/div>\n\t\t\t\t\t<\/div>\n\t\t<\/div>\n\t\t\t\t\t\t\t<\/div>\n\t\t<\/section>\n\t\t\t\t<section class=\"elementor-section elementor-top-section elementor-element elementor-element-42d9cf9 elementor-section-boxed elementor-section-height-default elementor-section-height-default\" data-id=\"42d9cf9\" data-element_type=\"section\">\n\t\t\t\t\t\t<div class=\"elementor-container elementor-column-gap-default\">\n\t\t\t\t\t<div class=\"elementor-column elementor-col-50 elementor-top-column elementor-element elementor-element-f17e48d\" data-id=\"f17e48d\" data-element_type=\"column\">\n\t\t\t<div class=\"elementor-widget-wrap elementor-element-populated\">\n\t\t\t\t\t\t\t\t<div class=\"elementor-element elementor-element-1e8435f elementor-widget elementor-widget-image\" data-id=\"1e8435f\" data-element_type=\"widget\" data-widget_type=\"image.default\">\n\t\t\t\t<div class=\"elementor-widget-container\">\n\t\t\t\t\t\t\t\t\t\t\t\t\t\t\t<img src=\"https:\/\/hetmanwarsztat.pl\/wp-content\/plugins\/elementor\/assets\/images\/placeholder.png\" title=\"\" alt=\"\" \/>\t\t\t\t\t\t\t\t\t\t\t\t\t\t\t<\/div>\n\t\t\t\t<\/div>\n\t\t\t\t\t<\/div>\n\t\t<\/div>\n\t\t\t\t<div class=\"elementor-column elementor-col-50 elementor-top-column elementor-element elementor-element-831a119\" data-id=\"831a119\" data-element_type=\"column\">\n\t\t\t<div class=\"elementor-widget-wrap elementor-element-populated\">\n\t\t\t\t\t\t\t\t<div class=\"elementor-element elementor-element-0882f5f elementor-widget elementor-widget-text-editor\" data-id=\"0882f5f\" data-element_type=\"widget\" data-widget_type=\"text-editor.default\">\n\t\t\t\t<div class=\"elementor-widget-container\">\n\t\t\t\t\t\t\t<p>Podczas tak d\u0142ugiego czasu istnienia na rynku doskonale poznali\u015bmy potrzeby naszych Klient\u00f3w. Dysponujemy autokarami turystycznymi z pe\u0142nym pakietem wyposa\u017cenia, tak aby podczas najd\u0142u\u017cszych wyjazd\u00f3w poczuli Pa\u0144stwo mi\u0142\u0105 i komfortow\u0105 atmosfer\u0119 podr\u00f3\u017cy.<\/p>\t\t\t\t\t\t<\/div>\n\t\t\t\t<\/div>\n\t\t\t\t\t<\/div>\n\t\t<\/div>\n\t\t\t\t\t\t\t<\/div>\n\t\t<\/section>\n\t\t\t\t<section class=\"elementor-section elementor-top-section elementor-element elementor-element-908a936 elementor-section-boxed elementor-section-height-default elementor-section-height-default\" data-id=\"908a936\" data-element_type=\"section\">\n\t\t\t\t\t\t<div class=\"elementor-container elementor-column-gap-default\">\n\t\t\t\t\t<div class=\"elementor-column elementor-col-50 elementor-top-column elementor-element elementor-element-de67c10\" data-id=\"de67c10\" data-element_type=\"column\">\n\t\t\t<div class=\"elementor-widget-wrap elementor-element-populated\">\n\t\t\t\t\t\t\t\t<div class=\"elementor-element elementor-element-29f173e elementor-widget elementor-widget-text-editor\" data-id=\"29f173e\" data-element_type=\"widget\" data-widget_type=\"text-editor.default\">\n\t\t\t\t<div class=\"elementor-widget-container\">\n\t\t\t\t\t\t\t<p>Dbamy o pa\u0144stwa komfort i bezpiecze\u0144stwo dlatego w naszej firmie zatrudniamy tylko najlepszych kierowc\u00f3w z d\u0142ugoletnim sta\u017cem, kt\u00f3rzy wsp\u00f3\u0142pracuj\u0105 z nami od wielu lat. Maj\u0105 oni na swoim koncie wiele wyjazd\u00f3w po Polsce i Europie. Wi\u0119kszo\u015b\u0107 z nich przemierzy\u0142a autokarem ponad milion kilometr\u00f3w. Nasi kierowcy znani s\u0105 z wysokiej kultury osobistej i doskona\u0142ej znajomo\u015bci ka\u017cdej trasy. Dodatkowo staramy si\u0119 podnosi\u0107 ich kwalifikacj\u0119 bior\u0105c udzia\u0142 w r\u00f3\u017cnego rodzaju szkoleniach i testach umiej\u0119tno\u015bci.<\/p>\t\t\t\t\t\t<\/div>\n\t\t\t\t<\/div>\n\t\t\t\t\t<\/div>\n\t\t<\/div>\n\t\t\t\t<div class=\"elementor-column elementor-col-50 elementor-top-column elementor-element elementor-element-558f06e\" data-id=\"558f06e\" data-element_type=\"column\">\n\t\t\t<div class=\"elementor-widget-wrap elementor-element-populated\">\n\t\t\t\t\t\t\t\t<div class=\"elementor-element elementor-element-fab0e5d elementor-widget elementor-widget-image\" data-id=\"fab0e5d\" data-element_type=\"widget\" data-widget_type=\"image.default\">\n\t\t\t\t<div class=\"elementor-widget-container\">\n\t\t\t\t\t\t\t\t\t\t\t\t\t\t\t<img src=\"https:\/\/hetmanwarsztat.pl\/wp-content\/plugins\/elementor\/assets\/images\/placeholder.png\" title=\"\" alt=\"\" \/>\t\t\t\t\t\t\t\t\t\t\t\t\t\t\t<\/div>\n\t\t\t\t<\/div>\n\t\t\t\t\t<\/div>\n\t\t<\/div>\n\t\t\t\t\t\t\t<\/div>\n\t\t<\/section>\n\t\t\t\t<section class=\"elementor-section elementor-top-section elementor-element elementor-element-994e0fd elementor-section-boxed elementor-section-height-default elementor-section-height-default\" data-id=\"994e0fd\" data-element_type=\"section\">\n\t\t\t\t\t\t<div class=\"elementor-container elementor-column-gap-default\">\n\t\t\t\t\t<div class=\"elementor-column elementor-col-100 elementor-top-column elementor-element elementor-element-0faf2e8\" data-id=\"0faf2e8\" data-element_type=\"column\">\n\t\t\t<div class=\"elementor-widget-wrap elementor-element-populated\">\n\t\t\t\t\t\t\t\t<div class=\"elementor-element elementor-element-8962039 elementor-widget-divider--view-line elementor-widget elementor-widget-divider\" data-id=\"8962039\" data-element_type=\"widget\" data-widget_type=\"divider.default\">\n\t\t\t\t<div class=\"elementor-widget-container\">\n\t\t\t\t\t<div class=\"elementor-divider\">\n\t\t\t<span class=\"elementor-divider-separator\">\n\t\t\t\t\t\t<\/span>\n\t\t<\/div>\n\t\t\t\t<\/div>\n\t\t\t\t<\/div>\n\t\t\t\t\t<\/div>\n\t\t<\/div>\n\t\t\t\t\t\t\t<\/div>\n\t\t<\/section>\n\t\t\t\t\t\t<\/div>\n\t\t\t\t\t<\/div>\n\t\t","protected":false},"excerpt":{"rendered":"<p>&#8222;&#8230;\u015awiat ust\u0119puje z drogi temu, kto wie dok\u0105d zmierza&#8230;&#8221; Podczas tak d\u0142ugiego czasu istnienia na rynku doskonale poznali\u015bmy potrzeby naszych<\/p>\n","protected":false},"author":1,"featured_media":0,"parent":0,"menu_order":1,"comment_status":"closed","ping_status":"closed","template":"","meta":{"ngg_post_thumbnail":0},"_links":{"self":[{"href":"https:\/\/hetmanwarsztat.pl\/index.php\/wp-json\/wp\/v2\/pages\/60"}],"collection":[{"href":"https:\/\/hetmanwarsztat.pl\/index.php\/wp-json\/wp\/v2\/pages"}],"about":[{"href":"https:\/\/hetmanwarsztat.pl\/index.php\/wp-json\/wp\/v2\/types\/page"}],"author":[{"embeddable":true,"href":"https:\/\/hetmanwarsztat.pl\/index.php\/wp-json\/wp\/v2\/users\/1"}],"replies":[{"embeddable":true,"href":"https:\/\/hetmanwarsztat.pl\/index.php\/wp-json\/wp\/v2\/comments?post=60"}],"version-history":[{"count":14,"href":"https:\/\/hetmanwarsztat.pl\/index.php\/wp-json\/wp\/v2\/pages\/60\/revisions"}],"predecessor-version":[{"id":161,"href":"https:\/\/hetmanwarsztat.pl\/index.php\/wp-json\/wp\/v2\/pages\/60\/revisions\/161"}],"wp:attachment":[{"href":"https:\/\/hetmanwarsztat.pl\/index.php\/wp-json\/wp\/v2\/media?parent=60"}],"curies":[{"name":"wp","href":"https:\/\/api.w.org\/{rel}","templated":true}]}}