{"id":8,"date":"2021-09-03T12:43:02","date_gmt":"2021-09-03T12:43:02","guid":{"rendered":"https:\/\/www.hetmanwarsztat.pl\/?page_id=8"},"modified":"2023-08-31T13:41:13","modified_gmt":"2023-08-31T13:41:13","slug":"oferta","status":"publish","type":"page","link":"https:\/\/hetmanwarsztat.pl\/index.php\/oferta\/","title":{"rendered":"Oferta"},"content":{"rendered":"\t\t<div data-elementor-type=\"wp-page\" data-elementor-id=\"8\" class=\"elementor elementor-8\" data-elementor-settings=\"[]\">\n\t\t\t\t\t\t\t<div class=\"elementor-section-wrap\">\n\t\t\t\t\t\t\t<section class=\"elementor-section elementor-top-section elementor-element elementor-element-6cb141a3 elementor-section-boxed elementor-section-height-default elementor-section-height-default\" data-id=\"6cb141a3\" data-element_type=\"section\">\n\t\t\t\t\t\t<div class=\"elementor-container elementor-column-gap-default\">\n\t\t\t\t\t<div class=\"elementor-column elementor-col-100 elementor-top-column elementor-element elementor-element-78ebefe1\" data-id=\"78ebefe1\" data-element_type=\"column\">\n\t\t\t<div class=\"elementor-widget-wrap elementor-element-populated\">\n\t\t\t\t\t\t\t\t<div class=\"elementor-element elementor-element-69f9a002 elementor-widget elementor-widget-text-editor\" data-id=\"69f9a002\" data-element_type=\"widget\" data-widget_type=\"text-editor.default\">\n\t\t\t\t<div class=\"elementor-widget-container\">\n\t\t\t\t\t\t\t<!-- wp:paragraph {\"textColor\":\"black\"} -->\n<p class=\"has-black-color has-text-color\">Przedstawiamy ofert\u0119 warsztatu samochodowego Hetman<\/p>\n<!-- \/wp:paragraph -->\t\t\t\t\t\t<\/div>\n\t\t\t\t<\/div>\n\t\t\t\t\t<\/div>\n\t\t<\/div>\n\t\t\t\t\t\t\t<\/div>\n\t\t<\/section>\n\t\t\t\t<section class=\"elementor-section elementor-top-section elementor-element elementor-element-298658e elementor-section-boxed elementor-section-height-default elementor-section-height-default\" data-id=\"298658e\" data-element_type=\"section\">\n\t\t\t\t\t\t<div class=\"elementor-container elementor-column-gap-default\">\n\t\t\t\t\t<div class=\"elementor-column elementor-col-100 elementor-top-column elementor-element elementor-element-cb1caab\" data-id=\"cb1caab\" data-element_type=\"column\">\n\t\t\t<div class=\"elementor-widget-wrap elementor-element-populated\">\n\t\t\t\t\t\t\t\t<div class=\"elementor-element elementor-element-3103c66 elementor-widget-divider--view-line elementor-widget elementor-widget-divider\" data-id=\"3103c66\" data-element_type=\"widget\" data-widget_type=\"divider.default\">\n\t\t\t\t<div class=\"elementor-widget-container\">\n\t\t\t\t\t<div class=\"elementor-divider\">\n\t\t\t<span class=\"elementor-divider-separator\">\n\t\t\t\t\t\t<\/span>\n\t\t<\/div>\n\t\t\t\t<\/div>\n\t\t\t\t<\/div>\n\t\t\t\t\t<\/div>\n\t\t<\/div>\n\t\t\t\t\t\t\t<\/div>\n\t\t<\/section>\n\t\t\t\t<section class=\"elementor-section elementor-top-section elementor-element elementor-element-5269154 elementor-section-boxed elementor-section-height-default elementor-section-height-default\" data-id=\"5269154\" data-element_type=\"section\">\n\t\t\t\t\t\t<div class=\"elementor-container elementor-column-gap-default\">\n\t\t\t\t\t<div class=\"elementor-column elementor-col-100 elementor-top-column elementor-element elementor-element-d73f0f5\" data-id=\"d73f0f5\" data-element_type=\"column\">\n\t\t\t<div class=\"elementor-widget-wrap elementor-element-populated\">\n\t\t\t\t\t\t\t\t<div class=\"elementor-element elementor-element-9dda0cf elementor-widget elementor-widget-heading\" data-id=\"9dda0cf\" data-element_type=\"widget\" data-widget_type=\"heading.default\">\n\t\t\t\t<div class=\"elementor-widget-container\">\n\t\t\t<h2 class=\"elementor-heading-title elementor-size-default\">Oferta Warsztatu samochodowego Hetman<\/h2>\t\t<\/div>\n\t\t\t\t<\/div>\n\t\t\t\t\t<\/div>\n\t\t<\/div>\n\t\t\t\t\t\t\t<\/div>\n\t\t<\/section>\n\t\t\t\t<section class=\"elementor-section elementor-top-section elementor-element elementor-element-559693e elementor-section-boxed elementor-section-height-default elementor-section-height-default\" data-id=\"559693e\" data-element_type=\"section\">\n\t\t\t\t\t\t<div class=\"elementor-container elementor-column-gap-default\">\n\t\t\t\t\t<div class=\"elementor-column elementor-col-100 elementor-top-column elementor-element elementor-element-375d7d7\" data-id=\"375d7d7\" data-element_type=\"column\">\n\t\t\t<div class=\"elementor-widget-wrap elementor-element-populated\">\n\t\t\t\t\t\t\t\t<div class=\"elementor-element elementor-element-d914a1e elementor-widget elementor-widget-text-editor\" data-id=\"d914a1e\" data-element_type=\"widget\" data-widget_type=\"text-editor.default\">\n\t\t\t\t<div class=\"elementor-widget-container\">\n\t\t\t\t\t\t\t<ul>\n<li><strong>MECHANIKA I ELEKTROMECHANIKA:<\/strong>\n<ul>\n<li>silniki;<\/li>\n<li>skrzynie bieg\u00f3w;<\/li>\n<li>hamulce;<\/li>\n<li>geometria k\u00f3\u0142;<\/li>\n<li>klimatyzacja;<\/li>\n<li>sk;<\/li>\n<\/ul>\n<\/li>\n<\/ul>\n<ul>\n<li>\u00a0<strong>WTRYSKIWACZE<\/strong>:\n<ul>\n<li>Testowanie;<\/li>\n<li>naprawa ;<\/li>\n<\/ul>\n<\/li>\n<\/ul>\n<ul>\n<li><strong>KLIMATYZACJA<\/strong>\n<ul>\n<li>serwis<\/li>\n<li>naprawa<\/li>\n<li>ozonowanie<\/li>\n<\/ul>\n<\/li>\n<\/ul>\n<ul>\n<li><strong>Dynamiczna wymiana oleju w automatycznych skrzyniach biegu<\/strong><\/li>\n<\/ul>\t\t\t\t\t\t<\/div>\n\t\t\t\t<\/div>\n\t\t\t\t\t<\/div>\n\t\t<\/div>\n\t\t\t\t\t\t\t<\/div>\n\t\t<\/section>\n\t\t\t\t\t\t<\/div>\n\t\t\t\t\t<\/div>\n\t\t","protected":false},"excerpt":{"rendered":"<p>Przedstawiamy ofert\u0119 warsztatu samochodowego Hetman Oferta Warsztatu samochodowego Hetman MECHANIKA I ELEKTROMECHANIKA: silniki; skrzynie bieg\u00f3w; hamulce; geometria k\u00f3\u0142; klimatyzacja; sk;<\/p>\n","protected":false},"author":1,"featured_media":0,"parent":0,"menu_order":0,"comment_status":"closed","ping_status":"closed","template":"","meta":{"ngg_post_thumbnail":0},"_links":{"self":[{"href":"https:\/\/hetmanwarsztat.pl\/index.php\/wp-json\/wp\/v2\/pages\/8"}],"collection":[{"href":"https:\/\/hetmanwarsztat.pl\/index.php\/wp-json\/wp\/v2\/pages"}],"about":[{"href":"https:\/\/hetmanwarsztat.pl\/index.php\/wp-json\/wp\/v2\/types\/page"}],"author":[{"embeddable":true,"href":"https:\/\/hetmanwarsztat.pl\/index.php\/wp-json\/wp\/v2\/users\/1"}],"replies":[{"embeddable":true,"href":"https:\/\/hetmanwarsztat.pl\/index.php\/wp-json\/wp\/v2\/comments?post=8"}],"version-history":[{"count":12,"href":"https:\/\/hetmanwarsztat.pl\/index.php\/wp-json\/wp\/v2\/pages\/8\/revisions"}],"predecessor-version":[{"id":176,"href":"https:\/\/hetmanwarsztat.pl\/index.php\/wp-json\/wp\/v2\/pages\/8\/revisions\/176"}],"wp:attachment":[{"href":"https:\/\/hetmanwarsztat.pl\/index.php\/wp-json\/wp\/v2\/media?parent=8"}],"curies":[{"name":"wp","href":"https:\/\/api.w.org\/{rel}","templated":true}]}}